{"id":12248,"date":"2025-02-17T18:43:57","date_gmt":"2025-02-17T17:43:57","guid":{"rendered":"https:\/\/graphite-materials.com\/societe\/obligation-dinformation\/"},"modified":"2025-08-20T10:33:31","modified_gmt":"2025-08-20T08:33:31","slug":"obligation-dinformation","status":"publish","type":"page","link":"https:\/\/graphite-materials.com\/fr\/societe\/obligation-dinformation\/","title":{"rendered":"Obligation d&rsquo;information"},"content":{"rendered":"\t\t<div data-elementor-type=\"wp-page\" data-elementor-id=\"12248\" class=\"elementor elementor-12248 elementor-7229\" data-elementor-post-type=\"page\">\n\t\t\t\t<div class=\"elementor-element elementor-element-6478573a page-container e-con-full e-flex e-con e-parent\" data-id=\"6478573a\" data-element_type=\"container\" data-e-type=\"container\">\n\t\t<div class=\"elementor-element elementor-element-d0113fb e-con-full e-flex e-con e-child\" data-id=\"d0113fb\" data-element_type=\"container\" data-e-type=\"container\">\n\t\t<div class=\"elementor-element elementor-element-21ed282 e-con-full e-flex e-con e-child\" data-id=\"21ed282\" data-element_type=\"container\" data-e-type=\"container\">\n\t\t\t\t<div class=\"elementor-element elementor-element-b804ce8 elementor-widget elementor-widget-heading\" data-id=\"b804ce8\" data-element_type=\"widget\" data-e-type=\"widget\" data-widget_type=\"heading.default\">\n\t\t\t\t<div class=\"elementor-widget-container\">\n\t\t\t\t\t<h1 class=\"elementor-heading-title elementor-size-default\">Obligation d'information<\/h1>\t\t\t\t<\/div>\n\t\t\t\t<\/div>\n\t\t\t\t<div class=\"elementor-element elementor-element-58445b1 elementor-widget elementor-widget-text-editor\" data-id=\"58445b1\" data-element_type=\"widget\" data-e-type=\"widget\" data-widget_type=\"text-editor.default\">\n\t\t\t\t<div class=\"elementor-widget-container\">\n\t\t\t\t\t\t\t\t\t<p>  Obligation d&rsquo;information conform\u00e9ment aux articles 13 et 14 du RGPD<\/p>\t\t\t\t\t\t\t\t<\/div>\n\t\t\t\t<\/div>\n\t\t\t\t<\/div>\n\t\t<div class=\"elementor-element elementor-element-6985fb4 e-con-full e-flex e-con e-child\" data-id=\"6985fb4\" data-element_type=\"container\" data-e-type=\"container\" data-settings=\"{&quot;motion_fx_motion_fx_scrolling&quot;:&quot;yes&quot;,&quot;motion_fx_devices&quot;:[&quot;desktop&quot;,&quot;tablet&quot;,&quot;mobile&quot;]}\">\n\t\t<div class=\"elementor-element elementor-element-4322c5a e-con-full e-flex e-con e-child\" data-id=\"4322c5a\" data-element_type=\"container\" data-e-type=\"container\">\n\t\t\t\t<div class=\"elementor-element elementor-element-4a1a3b9 elementor-widget__width-initial elementor-widget elementor-widget-text-editor\" data-id=\"4a1a3b9\" data-element_type=\"widget\" data-e-type=\"widget\" data-widget_type=\"text-editor.default\">\n\t\t\t\t<div class=\"elementor-widget-container\">\n\t\t\t\t\t\t\t\t\t<p><span style=\"color: #cfe41a;\"><span style=\"caret-color: #cfe41a;\"><b>Candidats<\/b><\/span><\/span><br>Obligation d&rsquo;information conform\u00e9ment aux articles 13 et 14 du RGPD pour les candidats<\/p>\t\t\t\t\t\t\t\t<\/div>\n\t\t\t\t<\/div>\n\t\t\t\t<div class=\"elementor-element elementor-element-3111b3d elementor-button--light elementor-widget elementor-widget-button\" data-id=\"3111b3d\" data-element_type=\"widget\" data-e-type=\"widget\" data-widget_type=\"button.default\">\n\t\t\t\t<div class=\"elementor-widget-container\">\n\t\t\t\t\t\t\t\t\t<div class=\"elementor-button-wrapper\">\n\t\t\t\t\t<a class=\"elementor-button elementor-button-link elementor-size-sm\" href=\"https:\/\/dsms.datenschutz-poellinger.de\/policy\/64c36a0bcd716\" target=\"_blank\">\n\t\t\t\t\t\t<span class=\"elementor-button-content-wrapper\">\n\t\t\t\t\t\t\t\t\t<span class=\"elementor-button-text\">Lire<\/span>\n\t\t\t\t\t<\/span>\n\t\t\t\t\t<\/a>\n\t\t\t\t<\/div>\n\t\t\t\t\t\t\t\t<\/div>\n\t\t\t\t<\/div>\n\t\t\t\t<\/div>\n\t\t\t\t<div class=\"elementor-element elementor-element-adc7b2c elementor-widget-divider--view-line elementor-widget elementor-widget-divider\" data-id=\"adc7b2c\" data-element_type=\"widget\" data-e-type=\"widget\" data-widget_type=\"divider.default\">\n\t\t\t\t<div class=\"elementor-widget-container\">\n\t\t\t\t\t\t\t<div class=\"elementor-divider\">\n\t\t\t<span class=\"elementor-divider-separator\">\n\t\t\t\t\t\t<\/span>\n\t\t<\/div>\n\t\t\t\t\t\t<\/div>\n\t\t\t\t<\/div>\n\t\t<div class=\"elementor-element elementor-element-fa8af2f e-con-full e-flex e-con e-child\" data-id=\"fa8af2f\" data-element_type=\"container\" data-e-type=\"container\">\n\t\t\t\t<div class=\"elementor-element elementor-element-53a20c9 elementor-widget__width-initial elementor-widget elementor-widget-text-editor\" data-id=\"53a20c9\" data-element_type=\"widget\" data-e-type=\"widget\" data-widget_type=\"text-editor.default\">\n\t\t\t\t<div class=\"elementor-widget-container\">\n\t\t\t\t\t\t\t\t\t<p><span style=\"color: #cfe41a;\"><strong>Clients et <\/strong><\/span><span style=\"color: #cfe41a;\"><span style=\"caret-color: #cfe41a;\"><b>Personnes int\u00e9ress\u00e9es<\/b><\/span><\/span><br>Obligation d&rsquo;information conform\u00e9ment aux articles 13 et 14 du RGPD concernant le traitement des donn\u00e9es des clients et des prospects<\/p>\t\t\t\t\t\t\t\t<\/div>\n\t\t\t\t<\/div>\n\t\t\t\t<div class=\"elementor-element elementor-element-4c0d78f elementor-button--light elementor-widget elementor-widget-button\" data-id=\"4c0d78f\" data-element_type=\"widget\" data-e-type=\"widget\" data-widget_type=\"button.default\">\n\t\t\t\t<div class=\"elementor-widget-container\">\n\t\t\t\t\t\t\t\t\t<div class=\"elementor-button-wrapper\">\n\t\t\t\t\t<a class=\"elementor-button elementor-button-link elementor-size-sm\" href=\"https:\/\/dsms.datenschutz-poellinger.de\/policy\/64c369fc9cc70\" target=\"_blank\">\n\t\t\t\t\t\t<span class=\"elementor-button-content-wrapper\">\n\t\t\t\t\t\t\t\t\t<span class=\"elementor-button-text\">Lire<\/span>\n\t\t\t\t\t<\/span>\n\t\t\t\t\t<\/a>\n\t\t\t\t<\/div>\n\t\t\t\t\t\t\t\t<\/div>\n\t\t\t\t<\/div>\n\t\t\t\t<\/div>\n\t\t\t\t<div class=\"elementor-element elementor-element-4ce8026 elementor-widget-divider--view-line elementor-widget elementor-widget-divider\" data-id=\"4ce8026\" data-element_type=\"widget\" data-e-type=\"widget\" data-widget_type=\"divider.default\">\n\t\t\t\t<div class=\"elementor-widget-container\">\n\t\t\t\t\t\t\t<div class=\"elementor-divider\">\n\t\t\t<span class=\"elementor-divider-separator\">\n\t\t\t\t\t\t<\/span>\n\t\t<\/div>\n\t\t\t\t\t\t<\/div>\n\t\t\t\t<\/div>\n\t\t<div class=\"elementor-element elementor-element-92c1d42 e-con-full e-flex e-con e-child\" data-id=\"92c1d42\" data-element_type=\"container\" data-e-type=\"container\">\n\t\t\t\t<div class=\"elementor-element elementor-element-9e6fbf8 elementor-widget__width-initial elementor-widget elementor-widget-text-editor\" data-id=\"9e6fbf8\" data-element_type=\"widget\" data-e-type=\"widget\" data-widget_type=\"text-editor.default\">\n\t\t\t\t<div class=\"elementor-widget-container\">\n\t\t\t\t\t\t\t\t\t<p><span style=\"color: #cfe41a;\"><strong>Fournisseurs<\/strong><\/span><br>Obligation d&rsquo;information selon les articles 13 et 14 du RGPD pour les fournisseurs<\/p>\t\t\t\t\t\t\t\t<\/div>\n\t\t\t\t<\/div>\n\t\t\t\t<div class=\"elementor-element elementor-element-f230cd6 elementor-button--light elementor-widget elementor-widget-button\" data-id=\"f230cd6\" data-element_type=\"widget\" data-e-type=\"widget\" data-widget_type=\"button.default\">\n\t\t\t\t<div class=\"elementor-widget-container\">\n\t\t\t\t\t\t\t\t\t<div class=\"elementor-button-wrapper\">\n\t\t\t\t\t<a class=\"elementor-button elementor-button-link elementor-size-sm\" href=\"https:\/\/dsms.datenschutz-poellinger.de\/policy\/64c369ed11eaa\" target=\"_blank\">\n\t\t\t\t\t\t<span class=\"elementor-button-content-wrapper\">\n\t\t\t\t\t\t\t\t\t<span class=\"elementor-button-text\">Lire<\/span>\n\t\t\t\t\t<\/span>\n\t\t\t\t\t<\/a>\n\t\t\t\t<\/div>\n\t\t\t\t\t\t\t\t<\/div>\n\t\t\t\t<\/div>\n\t\t\t\t<\/div>\n\t\t\t\t<div class=\"elementor-element elementor-element-3dc2005 elementor-widget-divider--view-line elementor-widget elementor-widget-divider\" data-id=\"3dc2005\" data-element_type=\"widget\" data-e-type=\"widget\" data-widget_type=\"divider.default\">\n\t\t\t\t<div class=\"elementor-widget-container\">\n\t\t\t\t\t\t\t<div class=\"elementor-divider\">\n\t\t\t<span class=\"elementor-divider-separator\">\n\t\t\t\t\t\t<\/span>\n\t\t<\/div>\n\t\t\t\t\t\t<\/div>\n\t\t\t\t<\/div>\n\t\t<div class=\"elementor-element elementor-element-a9666f9 e-con-full e-flex e-con e-child\" data-id=\"a9666f9\" data-element_type=\"container\" data-e-type=\"container\">\n\t\t\t\t<div class=\"elementor-element elementor-element-5fa31e0 elementor-widget__width-initial elementor-widget elementor-widget-text-editor\" data-id=\"5fa31e0\" data-element_type=\"widget\" data-e-type=\"widget\" data-widget_type=\"text-editor.default\">\n\t\t\t\t<div class=\"elementor-widget-container\">\n\t\t\t\t\t\t\t\t\t<p><span style=\"color: #cfe41a;\"><strong>M\u00e9dias sociaux<\/strong><\/span><br>D\u00e9claration de confidentialit\u00e9 sur les plateformes de m\u00e9dias sociaux<\/p>\t\t\t\t\t\t\t\t<\/div>\n\t\t\t\t<\/div>\n\t\t\t\t<div class=\"elementor-element elementor-element-7fe7d3d elementor-button--light elementor-widget elementor-widget-button\" data-id=\"7fe7d3d\" data-element_type=\"widget\" data-e-type=\"widget\" data-widget_type=\"button.default\">\n\t\t\t\t<div class=\"elementor-widget-container\">\n\t\t\t\t\t\t\t\t\t<div class=\"elementor-button-wrapper\">\n\t\t\t\t\t<a class=\"elementor-button elementor-button-link elementor-size-sm\" href=\"https:\/\/dsms.datenschutz-poellinger.de\/policy\/64c36a2ec86aa\" target=\"_blank\">\n\t\t\t\t\t\t<span class=\"elementor-button-content-wrapper\">\n\t\t\t\t\t\t\t\t\t<span class=\"elementor-button-text\">Lire<\/span>\n\t\t\t\t\t<\/span>\n\t\t\t\t\t<\/a>\n\t\t\t\t<\/div>\n\t\t\t\t\t\t\t\t<\/div>\n\t\t\t\t<\/div>\n\t\t\t\t<\/div>\n\t\t\t\t<\/div>\n\t\t\t\t<\/div>\n\t\t\t\t<\/div>\n\t\t\t\t<\/div>\n\t\t","protected":false},"excerpt":{"rendered":"<p>Obligation d&rsquo;information Obligation d&rsquo;information conform\u00e9ment aux articles 13 et 14 du RGPD CandidatsObligation d&rsquo;information conform\u00e9ment aux articles 13 et 14 du RGPD pour les candidats Lire Clients et Personnes int\u00e9ress\u00e9esObligation d&rsquo;information conform\u00e9ment aux articles 13 et 14 du RGPD concernant le traitement des donn\u00e9es des clients et des prospects Lire FournisseursObligation d&rsquo;information selon les articles [&hellip;]<\/p>\n","protected":false},"author":5,"featured_media":0,"parent":12095,"menu_order":26,"comment_status":"closed","ping_status":"closed","template":"","meta":{"_acf_changed":false,"content-type":"","footnotes":""},"class_list":["post-12248","page","type-page","status-publish","hentry"],"acf":[],"yoast_head":"<!-- This site is optimized with the Yoast SEO plugin v27.3 - https:\/\/yoast.com\/product\/yoast-seo-wordpress\/ -->\n<title>Obligation d&#039;information - Graphite Materials<\/title>\n<meta name=\"description\" content=\"Obligation d&#039;information conform\u00e9ment aux articles 13 et 14 du RGPD pour les candidats.\" \/>\n<meta name=\"robots\" content=\"index, follow, max-snippet:-1, max-image-preview:large, max-video-preview:-1\" \/>\n<link rel=\"canonical\" href=\"https:\/\/graphite-materials.com\/fr\/societe\/obligation-dinformation\/\" \/>\n<meta property=\"og:locale\" content=\"fr_FR\" \/>\n<meta property=\"og:type\" content=\"article\" \/>\n<meta property=\"og:title\" content=\"Obligation d&#039;information - Graphite Materials\" \/>\n<meta property=\"og:description\" content=\"Obligation d&#039;information conform\u00e9ment aux articles 13 et 14 du RGPD pour les candidats.\" \/>\n<meta property=\"og:url\" content=\"https:\/\/graphite-materials.com\/fr\/societe\/obligation-dinformation\/\" \/>\n<meta property=\"og:site_name\" content=\"Graphite Materials\" \/>\n<meta property=\"article:publisher\" content=\"https:\/\/www.facebook.com\/graphite.materials\" \/>\n<meta property=\"article:modified_time\" content=\"2025-08-20T08:33:31+00:00\" \/>\n<meta name=\"twitter:card\" content=\"summary_large_image\" \/>\n<script type=\"application\/ld+json\" class=\"yoast-schema-graph\">{\"@context\":\"https:\\\/\\\/schema.org\",\"@graph\":[{\"@type\":\"WebPage\",\"@id\":\"https:\\\/\\\/graphite-materials.com\\\/fr\\\/societe\\\/obligation-dinformation\\\/\",\"url\":\"https:\\\/\\\/graphite-materials.com\\\/fr\\\/societe\\\/obligation-dinformation\\\/\",\"name\":\"Obligation d'information - Graphite Materials\",\"isPartOf\":{\"@id\":\"https:\\\/\\\/graphite-materials.com\\\/fr\\\/#website\"},\"datePublished\":\"2025-02-17T17:43:57+00:00\",\"dateModified\":\"2025-08-20T08:33:31+00:00\",\"description\":\"Obligation d'information conform\u00e9ment aux articles 13 et 14 du RGPD pour les candidats.\",\"breadcrumb\":{\"@id\":\"https:\\\/\\\/graphite-materials.com\\\/fr\\\/societe\\\/obligation-dinformation\\\/#breadcrumb\"},\"inLanguage\":\"fr-FR\",\"potentialAction\":[{\"@type\":\"ReadAction\",\"target\":[\"https:\\\/\\\/graphite-materials.com\\\/fr\\\/societe\\\/obligation-dinformation\\\/\"]}]},{\"@type\":\"BreadcrumbList\",\"@id\":\"https:\\\/\\\/graphite-materials.com\\\/fr\\\/societe\\\/obligation-dinformation\\\/#breadcrumb\",\"itemListElement\":[{\"@type\":\"ListItem\",\"position\":1,\"name\":\"Accueil\",\"item\":\"https:\\\/\\\/graphite-materials.com\\\/fr\\\/\"},{\"@type\":\"ListItem\",\"position\":2,\"name\":\"Soci\u00e9t\u00e9\",\"item\":\"https:\\\/\\\/graphite-materials.com\\\/fr\\\/societe\\\/\"},{\"@type\":\"ListItem\",\"position\":3,\"name\":\"Obligation d&#8217;information\"}]},{\"@type\":\"WebSite\",\"@id\":\"https:\\\/\\\/graphite-materials.com\\\/fr\\\/#website\",\"url\":\"https:\\\/\\\/graphite-materials.com\\\/fr\\\/\",\"name\":\"Graphite Materials\",\"description\":\"\",\"publisher\":{\"@id\":\"https:\\\/\\\/graphite-materials.com\\\/fr\\\/#organization\"},\"potentialAction\":[{\"@type\":\"SearchAction\",\"target\":{\"@type\":\"EntryPoint\",\"urlTemplate\":\"https:\\\/\\\/graphite-materials.com\\\/fr\\\/?s={search_term_string}\"},\"query-input\":{\"@type\":\"PropertyValueSpecification\",\"valueRequired\":true,\"valueName\":\"search_term_string\"}}],\"inLanguage\":\"fr-FR\"},{\"@type\":\"Organization\",\"@id\":\"https:\\\/\\\/graphite-materials.com\\\/fr\\\/#organization\",\"name\":\"Graphite Materials GmbH\",\"alternateName\":\"Graphite Materials\",\"url\":\"https:\\\/\\\/graphite-materials.com\\\/fr\\\/\",\"logo\":{\"@type\":\"ImageObject\",\"inLanguage\":\"fr-FR\",\"@id\":\"https:\\\/\\\/graphite-materials.com\\\/fr\\\/#\\\/schema\\\/logo\\\/image\\\/\",\"url\":\"https:\\\/\\\/graphite-materials.com\\\/wp-content\\\/uploads\\\/logo-dark.svg\",\"contentUrl\":\"https:\\\/\\\/graphite-materials.com\\\/wp-content\\\/uploads\\\/logo-dark.svg\",\"width\":221,\"height\":76,\"caption\":\"Graphite Materials GmbH\"},\"image\":{\"@id\":\"https:\\\/\\\/graphite-materials.com\\\/fr\\\/#\\\/schema\\\/logo\\\/image\\\/\"},\"sameAs\":[\"https:\\\/\\\/www.facebook.com\\\/graphite.materials\",\"https:\\\/\\\/www.linkedin.com\\\/company\\\/graphite-materials-gmbh\\\/\",\"https:\\\/\\\/www.instagram.com\\\/graphite_materials\\\/\",\"https:\\\/\\\/www.youtube.com\\\/channel\\\/UCHkyay2Hw5vYyjngM5ur39Q\"]}]}<\/script>\n<!-- \/ Yoast SEO plugin. -->","yoast_head_json":{"title":"Obligation d'information - Graphite Materials","description":"Obligation d'information conform\u00e9ment aux articles 13 et 14 du RGPD pour les candidats.","robots":{"index":"index","follow":"follow","max-snippet":"max-snippet:-1","max-image-preview":"max-image-preview:large","max-video-preview":"max-video-preview:-1"},"canonical":"https:\/\/graphite-materials.com\/fr\/societe\/obligation-dinformation\/","og_locale":"fr_FR","og_type":"article","og_title":"Obligation d'information - Graphite Materials","og_description":"Obligation d'information conform\u00e9ment aux articles 13 et 14 du RGPD pour les candidats.","og_url":"https:\/\/graphite-materials.com\/fr\/societe\/obligation-dinformation\/","og_site_name":"Graphite Materials","article_publisher":"https:\/\/www.facebook.com\/graphite.materials","article_modified_time":"2025-08-20T08:33:31+00:00","twitter_card":"summary_large_image","schema":{"@context":"https:\/\/schema.org","@graph":[{"@type":"WebPage","@id":"https:\/\/graphite-materials.com\/fr\/societe\/obligation-dinformation\/","url":"https:\/\/graphite-materials.com\/fr\/societe\/obligation-dinformation\/","name":"Obligation d'information - Graphite Materials","isPartOf":{"@id":"https:\/\/graphite-materials.com\/fr\/#website"},"datePublished":"2025-02-17T17:43:57+00:00","dateModified":"2025-08-20T08:33:31+00:00","description":"Obligation d'information conform\u00e9ment aux articles 13 et 14 du RGPD pour les candidats.","breadcrumb":{"@id":"https:\/\/graphite-materials.com\/fr\/societe\/obligation-dinformation\/#breadcrumb"},"inLanguage":"fr-FR","potentialAction":[{"@type":"ReadAction","target":["https:\/\/graphite-materials.com\/fr\/societe\/obligation-dinformation\/"]}]},{"@type":"BreadcrumbList","@id":"https:\/\/graphite-materials.com\/fr\/societe\/obligation-dinformation\/#breadcrumb","itemListElement":[{"@type":"ListItem","position":1,"name":"Accueil","item":"https:\/\/graphite-materials.com\/fr\/"},{"@type":"ListItem","position":2,"name":"Soci\u00e9t\u00e9","item":"https:\/\/graphite-materials.com\/fr\/societe\/"},{"@type":"ListItem","position":3,"name":"Obligation d&#8217;information"}]},{"@type":"WebSite","@id":"https:\/\/graphite-materials.com\/fr\/#website","url":"https:\/\/graphite-materials.com\/fr\/","name":"Graphite Materials","description":"","publisher":{"@id":"https:\/\/graphite-materials.com\/fr\/#organization"},"potentialAction":[{"@type":"SearchAction","target":{"@type":"EntryPoint","urlTemplate":"https:\/\/graphite-materials.com\/fr\/?s={search_term_string}"},"query-input":{"@type":"PropertyValueSpecification","valueRequired":true,"valueName":"search_term_string"}}],"inLanguage":"fr-FR"},{"@type":"Organization","@id":"https:\/\/graphite-materials.com\/fr\/#organization","name":"Graphite Materials GmbH","alternateName":"Graphite Materials","url":"https:\/\/graphite-materials.com\/fr\/","logo":{"@type":"ImageObject","inLanguage":"fr-FR","@id":"https:\/\/graphite-materials.com\/fr\/#\/schema\/logo\/image\/","url":"https:\/\/graphite-materials.com\/wp-content\/uploads\/logo-dark.svg","contentUrl":"https:\/\/graphite-materials.com\/wp-content\/uploads\/logo-dark.svg","width":221,"height":76,"caption":"Graphite Materials GmbH"},"image":{"@id":"https:\/\/graphite-materials.com\/fr\/#\/schema\/logo\/image\/"},"sameAs":["https:\/\/www.facebook.com\/graphite.materials","https:\/\/www.linkedin.com\/company\/graphite-materials-gmbh\/","https:\/\/www.instagram.com\/graphite_materials\/","https:\/\/www.youtube.com\/channel\/UCHkyay2Hw5vYyjngM5ur39Q"]}]}},"_links":{"self":[{"href":"https:\/\/graphite-materials.com\/fr\/wp-json\/wp\/v2\/pages\/12248","targetHints":{"allow":["GET"]}}],"collection":[{"href":"https:\/\/graphite-materials.com\/fr\/wp-json\/wp\/v2\/pages"}],"about":[{"href":"https:\/\/graphite-materials.com\/fr\/wp-json\/wp\/v2\/types\/page"}],"author":[{"embeddable":true,"href":"https:\/\/graphite-materials.com\/fr\/wp-json\/wp\/v2\/users\/5"}],"replies":[{"embeddable":true,"href":"https:\/\/graphite-materials.com\/fr\/wp-json\/wp\/v2\/comments?post=12248"}],"version-history":[{"count":2,"href":"https:\/\/graphite-materials.com\/fr\/wp-json\/wp\/v2\/pages\/12248\/revisions"}],"predecessor-version":[{"id":12253,"href":"https:\/\/graphite-materials.com\/fr\/wp-json\/wp\/v2\/pages\/12248\/revisions\/12253"}],"up":[{"embeddable":true,"href":"https:\/\/graphite-materials.com\/fr\/wp-json\/wp\/v2\/pages\/12095"}],"wp:attachment":[{"href":"https:\/\/graphite-materials.com\/fr\/wp-json\/wp\/v2\/media?parent=12248"}],"curies":[{"name":"wp","href":"https:\/\/api.w.org\/{rel}","templated":true}]}}