{"id":12071,"date":"2025-01-16T11:16:59","date_gmt":"2025-01-16T10:16:59","guid":{"rendered":"https:\/\/graphite-materials.com\/contact\/"},"modified":"2025-12-22T09:07:01","modified_gmt":"2025-12-22T08:07:01","slug":"contactez-nous","status":"publish","type":"page","link":"https:\/\/graphite-materials.com\/fr\/contactez-nous\/","title":{"rendered":"Contact"},"content":{"rendered":"\t\t<div data-elementor-type=\"wp-page\" data-elementor-id=\"12071\" class=\"elementor elementor-12071 elementor-3059\" data-elementor-post-type=\"page\">\n\t\t\t\t<div class=\"elementor-element elementor-element-ebf786e page-container e-flex e-con-boxed e-con e-parent\" data-id=\"ebf786e\" data-element_type=\"container\" data-e-type=\"container\">\n\t\t\t\t\t<div class=\"e-con-inner\">\n\t\t<div class=\"elementor-element elementor-element-1f6f2bb e-con-full e-flex e-con e-child\" data-id=\"1f6f2bb\" data-element_type=\"container\" data-e-type=\"container\">\n\t\t\t\t<div class=\"elementor-element elementor-element-b132764 elementor-widget elementor-widget-heading\" data-id=\"b132764\" data-element_type=\"widget\" data-e-type=\"widget\" data-widget_type=\"heading.default\">\n\t\t\t\t<div class=\"elementor-widget-container\">\n\t\t\t\t\t<h1 class=\"elementor-heading-title elementor-size-default\">Contact<\/h1>\t\t\t\t<\/div>\n\t\t\t\t<\/div>\n\t\t\t\t<div class=\"elementor-element elementor-element-573d452 elementor-widget elementor-widget-heading\" data-id=\"573d452\" data-element_type=\"widget\" data-e-type=\"widget\" data-widget_type=\"heading.default\">\n\t\t\t\t<div class=\"elementor-widget-container\">\n\t\t\t\t\t<h2 class=\"elementor-heading-title elementor-size-default\">Comment nous rejoindre<\/h2>\t\t\t\t<\/div>\n\t\t\t\t<\/div>\n\t\t\t\t<\/div>\n\t\t\t\t\t<\/div>\n\t\t\t\t<\/div>\n\t\t<div class=\"elementor-element elementor-element-9186e46 page-container e-flex e-con-boxed e-con e-parent\" data-id=\"9186e46\" data-element_type=\"container\" data-e-type=\"container\">\n\t\t\t\t\t<div class=\"e-con-inner\">\n\t\t<div class=\"elementor-element elementor-element-e0cb311 e-con-full e-flex e-con e-child\" data-id=\"e0cb311\" data-element_type=\"container\" data-e-type=\"container\">\n\t\t<div class=\"elementor-element elementor-element-024fc8a e-con-full e-flex e-con e-child\" data-id=\"024fc8a\" data-element_type=\"container\" data-e-type=\"container\">\n\t\t<div class=\"elementor-element elementor-element-70d4363 e-con-full e-flex e-con e-child\" data-id=\"70d4363\" data-element_type=\"container\" data-e-type=\"container\">\n\t\t\t\t<div class=\"elementor-element elementor-element-e85d449 elementor-widget elementor-widget-heading\" data-id=\"e85d449\" data-element_type=\"widget\" data-e-type=\"widget\" data-widget_type=\"heading.default\">\n\t\t\t\t<div class=\"elementor-widget-container\">\n\t\t\t\t\t<h3 class=\"elementor-heading-title elementor-size-default\">Adresse<\/h3>\t\t\t\t<\/div>\n\t\t\t\t<\/div>\n\t\t\t\t<div class=\"elementor-element elementor-element-2f81889 elementor-widget elementor-widget-text-editor\" data-id=\"2f81889\" data-element_type=\"widget\" data-e-type=\"widget\" data-widget_type=\"text-editor.default\">\n\t\t\t\t<div class=\"elementor-widget-container\">\n\t\t\t\t\t\t\t\t\t<p><strong>Graphite Materials GmbH<\/strong><\/p><p>Si\u00e8ge social et production :<br>Rothenburger Str. 76<br>90522 Oberasbach<\/p>\t\t\t\t\t\t\t\t<\/div>\n\t\t\t\t<\/div>\n\t\t\t\t<\/div>\n\t\t<div class=\"elementor-element elementor-element-5b58b2d e-con-full e-flex e-con e-child\" data-id=\"5b58b2d\" data-element_type=\"container\" data-e-type=\"container\">\n\t\t\t\t<div class=\"elementor-element elementor-element-18325a8 elementor-widget elementor-widget-heading\" data-id=\"18325a8\" data-element_type=\"widget\" data-e-type=\"widget\" data-widget_type=\"heading.default\">\n\t\t\t\t<div class=\"elementor-widget-container\">\n\t\t\t\t\t<h3 class=\"elementor-heading-title elementor-size-default\">T\u00e9l\u00e9phone &amp; e-mail<\/h3>\t\t\t\t<\/div>\n\t\t\t\t<\/div>\n\t\t\t\t<div class=\"elementor-element elementor-element-4639ca6 elementor-widget elementor-widget-text-editor\" data-id=\"4639ca6\" data-element_type=\"widget\" data-e-type=\"widget\" data-widget_type=\"text-editor.default\">\n\t\t\t\t<div class=\"elementor-widget-container\">\n\t\t\t\t\t\t\t\t\t<p><a href=\"tel:004991199901030\">+49 911 999 01 03-0<\/a><\/p><p><a href=\"mailto:info@graphite-materials.com\">info@graphite-materials.com<\/a><\/p>\t\t\t\t\t\t\t\t<\/div>\n\t\t\t\t<\/div>\n\t\t\t\t<\/div>\n\t\t\t\t<\/div>\n\t\t<div class=\"elementor-element elementor-element-d0c447c e-con-full e-flex e-con e-child\" data-id=\"d0c447c\" data-element_type=\"container\" data-e-type=\"container\">\n\t\t<div class=\"elementor-element elementor-element-6263de8 e-con-full e-flex e-con e-child\" data-id=\"6263de8\" data-element_type=\"container\" data-e-type=\"container\">\n\t\t\t\t<div class=\"elementor-element elementor-element-c94b4cf elementor-widget elementor-widget-heading\" data-id=\"c94b4cf\" data-element_type=\"widget\" data-e-type=\"widget\" data-widget_type=\"heading.default\">\n\t\t\t\t<div class=\"elementor-widget-container\">\n\t\t\t\t\t<h3 class=\"elementor-heading-title elementor-size-default\">Plan d'acc\u00e8s<\/h3>\t\t\t\t<\/div>\n\t\t\t\t<\/div>\n\t\t<div class=\"elementor-element elementor-element-0cc4eb4 e-con-full gm-gmaps-embed__wrapper e-flex e-con e-child\" data-id=\"0cc4eb4\" data-element_type=\"container\" data-e-type=\"container\" data-settings=\"{&quot;background_background&quot;:&quot;classic&quot;}\">\n\t\t\t\t<div class=\"elementor-element elementor-element-63f4a74 gm-gmaps-embed__consent-notice elementor-widget elementor-widget-text-editor\" data-id=\"63f4a74\" data-element_type=\"widget\" data-e-type=\"widget\" data-widget_type=\"text-editor.default\">\n\t\t\t\t<div class=\"elementor-widget-container\">\n\t\t\t\t\t\t\t\t\t<a href=\"https:\/\/graphite-materials.com\/fr\/protection-des-donnees\/#cookie-settings\">Accepter les cookies marketing<\/a> pour activer cette int\u00e9gration de Google Maps.\t\t\t\t\t\t\t\t<\/div>\n\t\t\t\t<\/div>\n\t\t\t\t<\/div>\n\t\t\t\t<\/div>\n\t\t\t\t<\/div>\n\t\t<div class=\"elementor-element elementor-element-5080c2a e-con-full e-flex e-con e-child\" data-id=\"5080c2a\" data-element_type=\"container\" data-e-type=\"container\">\n\t\t<div class=\"elementor-element elementor-element-dcd27fb e-con-full e-flex e-con e-child\" data-id=\"dcd27fb\" data-element_type=\"container\" data-e-type=\"container\">\n\t\t\t\t<div class=\"elementor-element elementor-element-8909a83 elementor-widget elementor-widget-heading\" data-id=\"8909a83\" data-element_type=\"widget\" data-e-type=\"widget\" data-widget_type=\"heading.default\">\n\t\t\t\t<div class=\"elementor-widget-container\">\n\t\t\t\t\t<h3 class=\"elementor-heading-title elementor-size-default\">Signaler une infraction<\/h3>\t\t\t\t<\/div>\n\t\t\t\t<\/div>\n\t\t\t\t<div class=\"elementor-element elementor-element-4dc187b elementor-widget elementor-widget-text-editor\" data-id=\"4dc187b\" data-element_type=\"widget\" data-e-type=\"widget\" data-widget_type=\"text-editor.default\">\n\t\t\t\t<div class=\"elementor-widget-container\">\n\t\t\t\t\t\t\t\t\t<p data-pm-slice=\"1 1 []\">Les employ\u00e9s, ainsi que les personnes ext\u00e9rieures \u00e0 l&rsquo;entreprise, qui souhaitent signaler une violation des politiques de conformit\u00e9 peuvent contacter notre <a href=\"https:\/\/graphite-materials.com\/fr\/lanceurs-dalerte\/\">syst\u00e8me confidentiel de d\u00e9nonciation\/d&rsquo;alerte <img decoding=\"async\" style=\"width: 20px; position: relative; top: 3px;\" src=\"https:\/\/graphite-materials.com\/wp-content\/uploads\/arrow-top-right.svg\"><\/a>.<\/p>\t\t\t\t\t\t\t\t<\/div>\n\t\t\t\t<\/div>\n\t\t\t\t<\/div>\n\t\t\t\t<\/div>\n\t\t\t\t<\/div>\n\t\t<div class=\"elementor-element elementor-element-91e698d e-con-full e-flex e-con e-child\" data-id=\"91e698d\" data-element_type=\"container\" data-e-type=\"container\">\n\t\t\t\t<div class=\"elementor-element elementor-element-56f1353 elementor-widget elementor-widget-heading\" data-id=\"56f1353\" data-element_type=\"widget\" data-e-type=\"widget\" data-widget_type=\"heading.default\">\n\t\t\t\t<div class=\"elementor-widget-container\">\n\t\t\t\t\t<h2 class=\"elementor-heading-title elementor-size-default\">Formulaire de contact<\/h2>\t\t\t\t<\/div>\n\t\t\t\t<\/div>\n\t\t\t\t<div class=\"elementor-element elementor-element-1fa1d6b elementor-widget elementor-widget-html\" data-id=\"1fa1d6b\" data-element_type=\"widget\" data-e-type=\"widget\" data-widget_type=\"html.default\">\n\t\t\t\t<div class=\"elementor-widget-container\">\n\t\t\t\t\t<script charset=\"utf-8\" type=\"text\/javascript\" src=\"\/\/js-eu1.hsforms.net\/forms\/embed\/v2.js\"><\/script>\r\n<script>\r\n  hbspt.forms.create({\r\n    portalId: \"145704983\",\r\n    formId: \"eefdec1c-b156-4763-b329-0d73325a2f88\",\r\n    region: \"eu1\"\r\n  });\r\n<\/script>\t\t\t\t<\/div>\n\t\t\t\t<\/div>\n\t\t\t\t<\/div>\n\t\t\t\t\t<\/div>\n\t\t\t\t<\/div>\n\t\t\t\t<\/div>\n\t\t","protected":false},"excerpt":{"rendered":"<p>Contact Comment nous rejoindre Adresse Graphite Materials GmbH Si\u00e8ge social et production :Rothenburger Str. 7690522 Oberasbach T\u00e9l\u00e9phone &amp; e-mail +49 911 999 01 03-0 info@graphite-materials.com Plan d&rsquo;acc\u00e8s Accepter les cookies marketing pour activer cette int\u00e9gration de Google Maps. Signaler une infraction Les employ\u00e9s, ainsi que les personnes ext\u00e9rieures \u00e0 l&rsquo;entreprise, qui souhaitent signaler une violation [&hellip;]<\/p>\n","protected":false},"author":5,"featured_media":0,"parent":0,"menu_order":21,"comment_status":"closed","ping_status":"closed","template":"","meta":{"_acf_changed":false,"content-type":"","footnotes":""},"class_list":["post-12071","page","type-page","status-publish","hentry"],"acf":[],"yoast_head":"<!-- This site is optimized with the Yoast SEO plugin v27.3 - https:\/\/yoast.com\/product\/yoast-seo-wordpress\/ -->\n<title>Graphite Materials - Contact<\/title>\n<meta name=\"description\" content=\"Contact : Graphite Materials est un concepteur et fabricant de composants en carbone pour les proc\u00e9d\u00e9s et fours \u00e0 haute temp\u00e9rature. Vous avez des questions ou d&#039;autres pr\u00e9occupations ? N&#039;h\u00e9sitez pas \u00e0 nous contacter.\" \/>\n<meta name=\"robots\" content=\"index, follow, max-snippet:-1, max-image-preview:large, max-video-preview:-1\" \/>\n<link rel=\"canonical\" href=\"https:\/\/graphite-materials.com\/fr\/contactez-nous\/\" \/>\n<meta property=\"og:locale\" content=\"fr_FR\" \/>\n<meta property=\"og:type\" content=\"article\" \/>\n<meta property=\"og:title\" content=\"Graphite Materials - Contact\" \/>\n<meta property=\"og:description\" content=\"Contact : Graphite Materials est un concepteur et fabricant de composants en carbone pour les proc\u00e9d\u00e9s et fours \u00e0 haute temp\u00e9rature. Vous avez des questions ou d&#039;autres pr\u00e9occupations ? N&#039;h\u00e9sitez pas \u00e0 nous contacter.\" \/>\n<meta property=\"og:url\" content=\"https:\/\/graphite-materials.com\/fr\/contactez-nous\/\" \/>\n<meta property=\"og:site_name\" content=\"Graphite Materials\" \/>\n<meta property=\"article:publisher\" content=\"https:\/\/www.facebook.com\/graphite.materials\" \/>\n<meta property=\"article:modified_time\" content=\"2025-12-22T08:07:01+00:00\" \/>\n<meta property=\"og:image\" content=\"https:\/\/graphite-materials.com\/wp-content\/uploads\/arrow-top-right.svg\" \/>\n<meta name=\"twitter:card\" content=\"summary_large_image\" \/>\n<meta name=\"twitter:label1\" content=\"Dur\u00e9e de lecture estim\u00e9e\" \/>\n\t<meta name=\"twitter:data1\" content=\"1 minute\" \/>\n<script type=\"application\/ld+json\" class=\"yoast-schema-graph\">{\"@context\":\"https:\\\/\\\/schema.org\",\"@graph\":[{\"@type\":\"WebPage\",\"@id\":\"https:\\\/\\\/graphite-materials.com\\\/fr\\\/contactez-nous\\\/\",\"url\":\"https:\\\/\\\/graphite-materials.com\\\/fr\\\/contactez-nous\\\/\",\"name\":\"Graphite Materials - Contact\",\"isPartOf\":{\"@id\":\"https:\\\/\\\/graphite-materials.com\\\/fr\\\/#website\"},\"primaryImageOfPage\":{\"@id\":\"https:\\\/\\\/graphite-materials.com\\\/fr\\\/contactez-nous\\\/#primaryimage\"},\"image\":{\"@id\":\"https:\\\/\\\/graphite-materials.com\\\/fr\\\/contactez-nous\\\/#primaryimage\"},\"thumbnailUrl\":\"https:\\\/\\\/graphite-materials.com\\\/wp-content\\\/uploads\\\/arrow-top-right.svg\",\"datePublished\":\"2025-01-16T10:16:59+00:00\",\"dateModified\":\"2025-12-22T08:07:01+00:00\",\"description\":\"Contact : Graphite Materials est un concepteur et fabricant de composants en carbone pour les proc\u00e9d\u00e9s et fours \u00e0 haute temp\u00e9rature. Vous avez des questions ou d'autres pr\u00e9occupations ? N'h\u00e9sitez pas \u00e0 nous contacter.\",\"breadcrumb\":{\"@id\":\"https:\\\/\\\/graphite-materials.com\\\/fr\\\/contactez-nous\\\/#breadcrumb\"},\"inLanguage\":\"fr-FR\",\"potentialAction\":[{\"@type\":\"ReadAction\",\"target\":[\"https:\\\/\\\/graphite-materials.com\\\/fr\\\/contactez-nous\\\/\"]}]},{\"@type\":\"ImageObject\",\"inLanguage\":\"fr-FR\",\"@id\":\"https:\\\/\\\/graphite-materials.com\\\/fr\\\/contactez-nous\\\/#primaryimage\",\"url\":\"https:\\\/\\\/graphite-materials.com\\\/wp-content\\\/uploads\\\/arrow-top-right.svg\",\"contentUrl\":\"https:\\\/\\\/graphite-materials.com\\\/wp-content\\\/uploads\\\/arrow-top-right.svg\"},{\"@type\":\"BreadcrumbList\",\"@id\":\"https:\\\/\\\/graphite-materials.com\\\/fr\\\/contactez-nous\\\/#breadcrumb\",\"itemListElement\":[{\"@type\":\"ListItem\",\"position\":1,\"name\":\"Accueil\",\"item\":\"https:\\\/\\\/graphite-materials.com\\\/fr\\\/\"},{\"@type\":\"ListItem\",\"position\":2,\"name\":\"Contact\"}]},{\"@type\":\"WebSite\",\"@id\":\"https:\\\/\\\/graphite-materials.com\\\/fr\\\/#website\",\"url\":\"https:\\\/\\\/graphite-materials.com\\\/fr\\\/\",\"name\":\"Graphite Materials\",\"description\":\"\",\"publisher\":{\"@id\":\"https:\\\/\\\/graphite-materials.com\\\/fr\\\/#organization\"},\"potentialAction\":[{\"@type\":\"SearchAction\",\"target\":{\"@type\":\"EntryPoint\",\"urlTemplate\":\"https:\\\/\\\/graphite-materials.com\\\/fr\\\/?s={search_term_string}\"},\"query-input\":{\"@type\":\"PropertyValueSpecification\",\"valueRequired\":true,\"valueName\":\"search_term_string\"}}],\"inLanguage\":\"fr-FR\"},{\"@type\":\"Organization\",\"@id\":\"https:\\\/\\\/graphite-materials.com\\\/fr\\\/#organization\",\"name\":\"Graphite Materials GmbH\",\"alternateName\":\"Graphite Materials\",\"url\":\"https:\\\/\\\/graphite-materials.com\\\/fr\\\/\",\"logo\":{\"@type\":\"ImageObject\",\"inLanguage\":\"fr-FR\",\"@id\":\"https:\\\/\\\/graphite-materials.com\\\/fr\\\/#\\\/schema\\\/logo\\\/image\\\/\",\"url\":\"https:\\\/\\\/graphite-materials.com\\\/wp-content\\\/uploads\\\/logo-dark.svg\",\"contentUrl\":\"https:\\\/\\\/graphite-materials.com\\\/wp-content\\\/uploads\\\/logo-dark.svg\",\"width\":221,\"height\":76,\"caption\":\"Graphite Materials GmbH\"},\"image\":{\"@id\":\"https:\\\/\\\/graphite-materials.com\\\/fr\\\/#\\\/schema\\\/logo\\\/image\\\/\"},\"sameAs\":[\"https:\\\/\\\/www.facebook.com\\\/graphite.materials\",\"https:\\\/\\\/www.linkedin.com\\\/company\\\/graphite-materials-gmbh\\\/\",\"https:\\\/\\\/www.instagram.com\\\/graphite_materials\\\/\",\"https:\\\/\\\/www.youtube.com\\\/channel\\\/UCHkyay2Hw5vYyjngM5ur39Q\"]}]}<\/script>\n<!-- \/ Yoast SEO plugin. -->","yoast_head_json":{"title":"Graphite Materials - Contact","description":"Contact : Graphite Materials est un concepteur et fabricant de composants en carbone pour les proc\u00e9d\u00e9s et fours \u00e0 haute temp\u00e9rature. Vous avez des questions ou d'autres pr\u00e9occupations ? N'h\u00e9sitez pas \u00e0 nous contacter.","robots":{"index":"index","follow":"follow","max-snippet":"max-snippet:-1","max-image-preview":"max-image-preview:large","max-video-preview":"max-video-preview:-1"},"canonical":"https:\/\/graphite-materials.com\/fr\/contactez-nous\/","og_locale":"fr_FR","og_type":"article","og_title":"Graphite Materials - Contact","og_description":"Contact : Graphite Materials est un concepteur et fabricant de composants en carbone pour les proc\u00e9d\u00e9s et fours \u00e0 haute temp\u00e9rature. Vous avez des questions ou d'autres pr\u00e9occupations ? N'h\u00e9sitez pas \u00e0 nous contacter.","og_url":"https:\/\/graphite-materials.com\/fr\/contactez-nous\/","og_site_name":"Graphite Materials","article_publisher":"https:\/\/www.facebook.com\/graphite.materials","article_modified_time":"2025-12-22T08:07:01+00:00","og_image":[{"url":"https:\/\/graphite-materials.com\/wp-content\/uploads\/arrow-top-right.svg","type":"","width":"","height":""}],"twitter_card":"summary_large_image","twitter_misc":{"Dur\u00e9e de lecture estim\u00e9e":"1 minute"},"schema":{"@context":"https:\/\/schema.org","@graph":[{"@type":"WebPage","@id":"https:\/\/graphite-materials.com\/fr\/contactez-nous\/","url":"https:\/\/graphite-materials.com\/fr\/contactez-nous\/","name":"Graphite Materials - Contact","isPartOf":{"@id":"https:\/\/graphite-materials.com\/fr\/#website"},"primaryImageOfPage":{"@id":"https:\/\/graphite-materials.com\/fr\/contactez-nous\/#primaryimage"},"image":{"@id":"https:\/\/graphite-materials.com\/fr\/contactez-nous\/#primaryimage"},"thumbnailUrl":"https:\/\/graphite-materials.com\/wp-content\/uploads\/arrow-top-right.svg","datePublished":"2025-01-16T10:16:59+00:00","dateModified":"2025-12-22T08:07:01+00:00","description":"Contact : Graphite Materials est un concepteur et fabricant de composants en carbone pour les proc\u00e9d\u00e9s et fours \u00e0 haute temp\u00e9rature. Vous avez des questions ou d'autres pr\u00e9occupations ? N'h\u00e9sitez pas \u00e0 nous contacter.","breadcrumb":{"@id":"https:\/\/graphite-materials.com\/fr\/contactez-nous\/#breadcrumb"},"inLanguage":"fr-FR","potentialAction":[{"@type":"ReadAction","target":["https:\/\/graphite-materials.com\/fr\/contactez-nous\/"]}]},{"@type":"ImageObject","inLanguage":"fr-FR","@id":"https:\/\/graphite-materials.com\/fr\/contactez-nous\/#primaryimage","url":"https:\/\/graphite-materials.com\/wp-content\/uploads\/arrow-top-right.svg","contentUrl":"https:\/\/graphite-materials.com\/wp-content\/uploads\/arrow-top-right.svg"},{"@type":"BreadcrumbList","@id":"https:\/\/graphite-materials.com\/fr\/contactez-nous\/#breadcrumb","itemListElement":[{"@type":"ListItem","position":1,"name":"Accueil","item":"https:\/\/graphite-materials.com\/fr\/"},{"@type":"ListItem","position":2,"name":"Contact"}]},{"@type":"WebSite","@id":"https:\/\/graphite-materials.com\/fr\/#website","url":"https:\/\/graphite-materials.com\/fr\/","name":"Graphite Materials","description":"","publisher":{"@id":"https:\/\/graphite-materials.com\/fr\/#organization"},"potentialAction":[{"@type":"SearchAction","target":{"@type":"EntryPoint","urlTemplate":"https:\/\/graphite-materials.com\/fr\/?s={search_term_string}"},"query-input":{"@type":"PropertyValueSpecification","valueRequired":true,"valueName":"search_term_string"}}],"inLanguage":"fr-FR"},{"@type":"Organization","@id":"https:\/\/graphite-materials.com\/fr\/#organization","name":"Graphite Materials GmbH","alternateName":"Graphite Materials","url":"https:\/\/graphite-materials.com\/fr\/","logo":{"@type":"ImageObject","inLanguage":"fr-FR","@id":"https:\/\/graphite-materials.com\/fr\/#\/schema\/logo\/image\/","url":"https:\/\/graphite-materials.com\/wp-content\/uploads\/logo-dark.svg","contentUrl":"https:\/\/graphite-materials.com\/wp-content\/uploads\/logo-dark.svg","width":221,"height":76,"caption":"Graphite Materials GmbH"},"image":{"@id":"https:\/\/graphite-materials.com\/fr\/#\/schema\/logo\/image\/"},"sameAs":["https:\/\/www.facebook.com\/graphite.materials","https:\/\/www.linkedin.com\/company\/graphite-materials-gmbh\/","https:\/\/www.instagram.com\/graphite_materials\/","https:\/\/www.youtube.com\/channel\/UCHkyay2Hw5vYyjngM5ur39Q"]}]}},"_links":{"self":[{"href":"https:\/\/graphite-materials.com\/fr\/wp-json\/wp\/v2\/pages\/12071","targetHints":{"allow":["GET"]}}],"collection":[{"href":"https:\/\/graphite-materials.com\/fr\/wp-json\/wp\/v2\/pages"}],"about":[{"href":"https:\/\/graphite-materials.com\/fr\/wp-json\/wp\/v2\/types\/page"}],"author":[{"embeddable":true,"href":"https:\/\/graphite-materials.com\/fr\/wp-json\/wp\/v2\/users\/5"}],"replies":[{"embeddable":true,"href":"https:\/\/graphite-materials.com\/fr\/wp-json\/wp\/v2\/comments?post=12071"}],"version-history":[{"count":13,"href":"https:\/\/graphite-materials.com\/fr\/wp-json\/wp\/v2\/pages\/12071\/revisions"}],"predecessor-version":[{"id":13076,"href":"https:\/\/graphite-materials.com\/fr\/wp-json\/wp\/v2\/pages\/12071\/revisions\/13076"}],"wp:attachment":[{"href":"https:\/\/graphite-materials.com\/fr\/wp-json\/wp\/v2\/media?parent=12071"}],"curies":[{"name":"wp","href":"https:\/\/api.w.org\/{rel}","templated":true}]}}