{"id":14017,"date":"2025-04-17T07:58:35","date_gmt":"2025-04-17T05:58:35","guid":{"rendered":"https:\/\/graphite-materials.com\/denunciante\/"},"modified":"2026-03-24T15:09:08","modified_gmt":"2026-03-24T14:09:08","slug":"denunciante","status":"publish","type":"page","link":"https:\/\/graphite-materials.com\/es\/denunciante\/","title":{"rendered":"Denunciante"},"content":{"rendered":"\t\t<div data-elementor-type=\"wp-page\" data-elementor-id=\"14017\" class=\"elementor elementor-14017 elementor-11369\" data-elementor-post-type=\"page\">\n\t\t\t\t<div class=\"elementor-element elementor-element-33ba3a8 page-container e-flex e-con-boxed e-con e-parent\" data-id=\"33ba3a8\" data-element_type=\"container\" data-e-type=\"container\">\n\t\t\t\t\t<div class=\"e-con-inner\">\n\t\t\t\t<div class=\"elementor-element elementor-element-a9ee446 elementor-widget elementor-widget-heading\" data-id=\"a9ee446\" data-element_type=\"widget\" data-e-type=\"widget\" data-widget_type=\"heading.default\">\n\t\t\t\t<div class=\"elementor-widget-container\">\n\t\t\t\t\t<h1 class=\"elementor-heading-title elementor-size-default\">Denunciante<\/h1>\t\t\t\t<\/div>\n\t\t\t\t<\/div>\n\t\t\t\t<div class=\"elementor-element elementor-element-a113307 elementor-widget elementor-widget-text-editor\" data-id=\"a113307\" data-element_type=\"widget\" data-e-type=\"widget\" data-widget_type=\"text-editor.default\">\n\t\t\t\t<div class=\"elementor-widget-container\">\n\t\t\t\t\t\t\t\t\t<p data-pm-slice=\"1 1 []\">Los empleados y las partes externas que deseen informar de una infracci\u00f3n de las directrices de cumplimiento pueden ponerse en contacto con nuestro sistema confidencial de denuncia de irregularidades.<\/p>\t\t\t\t\t\t\t\t<\/div>\n\t\t\t\t<\/div>\n\t\t\t\t\t<\/div>\n\t\t\t\t<\/div>\n\t\t<div class=\"elementor-element elementor-element-32f3af3 page-container--condensed e-flex e-con-boxed e-con e-parent\" data-id=\"32f3af3\" data-element_type=\"container\" data-e-type=\"container\">\n\t\t\t\t\t<div class=\"e-con-inner\">\n\t\t\t\t<div class=\"elementor-element elementor-element-c37de22 elementor-widget elementor-widget-heading\" data-id=\"c37de22\" data-element_type=\"widget\" data-e-type=\"widget\" data-widget_type=\"heading.default\">\n\t\t\t\t<div class=\"elementor-widget-container\">\n\t\t\t\t\t<h2 class=\"elementor-heading-title elementor-size-default\">\u00bfPor qu\u00e9 hemos introducido el procedimiento de denuncia como parte de la Ley de Diligencia Debida en la Cadena de Suministro (LkSG) y la Ley de Protecci\u00f3n de los Denunciantes?\n\n<\/h2>\t\t\t\t<\/div>\n\t\t\t\t<\/div>\n\t\t\t\t<div class=\"elementor-element elementor-element-c202b4f elementor-widget elementor-widget-text-editor\" data-id=\"c202b4f\" data-element_type=\"widget\" data-e-type=\"widget\" data-widget_type=\"text-editor.default\">\n\t\t\t\t<div class=\"elementor-widget-container\">\n\t\t\t\t\t\t\t\t\t<p data-pm-slice=\"1 1 []\">Es importante que empresas como Graphite Materials GmbH establezcan mecanismos claros para identificar y abordar posibles violaciones de los derechos humanos o de las normas medioambientales. La posibilidad de recibir quejas tanto de empleados como de partes externas es un paso importante para crear un entorno abierto y transparente. <\/p>\t\t\t\t\t\t\t\t<\/div>\n\t\t\t\t<\/div>\n\t\t\t\t<div class=\"elementor-element elementor-element-4d58449 elementor-widget elementor-widget-text-editor\" data-id=\"4d58449\" data-element_type=\"widget\" data-e-type=\"widget\" data-widget_type=\"text-editor.default\">\n\t\t\t\t<div class=\"elementor-widget-container\">\n\t\t\t\t\t\t\t\t\t<p data-pm-slice=\"1 1 []\">La plataforma digital de reclamaciones ofrece una forma moderna y f\u00e1cil de plantear las preocupaciones, incluida la opci\u00f3n de presentaci\u00f3n an\u00f3nima. Una vez recibida una queja, se analiza a fondo toda la informaci\u00f3n pertinente y se da una respuesta adecuada en un plazo razonable. Esto puede tardar hasta 6 meses.  <\/p>\t\t\t\t\t\t\t\t<\/div>\n\t\t\t\t<\/div>\n\t\t\t\t<div class=\"elementor-element elementor-element-0e24850 elementor-widget elementor-widget-text-editor\" data-id=\"0e24850\" data-element_type=\"widget\" data-e-type=\"widget\" data-widget_type=\"text-editor.default\">\n\t\t\t\t<div class=\"elementor-widget-container\">\n\t\t\t\t\t\t\t\t\t<p data-pm-slice=\"1 1 []\">Tu participaci\u00f3n es crucial y te garantizamos que nadie sufrir\u00e1 ning\u00fan perjuicio por presentar quejas en un contexto profesional. Seguir un proceso definido, tal como se establece en el procedimiento, y garantizar la imparcialidad y la confidencialidad son otros aspectos importantes para asegurar que las reclamaciones se tramitan de forma justa y confidencial. <\/p>\t\t\t\t\t\t\t\t<\/div>\n\t\t\t\t<\/div>\n\t\t\t\t<div class=\"elementor-element elementor-element-0c516e2 elementor-widget elementor-widget-text-editor\" data-id=\"0c516e2\" data-element_type=\"widget\" data-e-type=\"widget\" data-widget_type=\"text-editor.default\">\n\t\t\t\t<div class=\"elementor-widget-container\">\n\t\t\t\t\t\t\t\t\t<p data-pm-slice=\"1 1 []\">\u00bfQuieres denunciar una infracci\u00f3n? Haz clic aqu\u00ed: <\/p>\t\t\t\t\t\t\t\t<\/div>\n\t\t\t\t<\/div>\n\t\t\t\t<div class=\"elementor-element elementor-element-cdb5ce7 elementor-button--light elementor-widget elementor-widget-button\" data-id=\"cdb5ce7\" data-element_type=\"widget\" data-e-type=\"widget\" data-widget_type=\"button.default\">\n\t\t\t\t<div class=\"elementor-widget-container\">\n\t\t\t\t\t\t\t\t\t<div class=\"elementor-button-wrapper\">\n\t\t\t\t\t<a class=\"elementor-button elementor-button-link elementor-size-sm\" href=\"https:\/\/whistleblower-graphitematerials.vispato.com\/\">\n\t\t\t\t\t\t<span class=\"elementor-button-content-wrapper\">\n\t\t\t\t\t\t\t\t\t<span class=\"elementor-button-text\">sobre el sistema de denuncia<\/span>\n\t\t\t\t\t<\/span>\n\t\t\t\t\t<\/a>\n\t\t\t\t<\/div>\n\t\t\t\t\t\t\t\t<\/div>\n\t\t\t\t<\/div>\n\t\t\t\t\t<\/div>\n\t\t\t\t<\/div>\n\t\t\t\t<\/div>\n\t\t","protected":false},"excerpt":{"rendered":"<p>Denunciante Los empleados y las partes externas que deseen informar de una infracci\u00f3n de las directrices de cumplimiento pueden ponerse en contacto con nuestro sistema confidencial de denuncia de irregularidades. \u00bfPor qu\u00e9 hemos introducido el procedimiento de denuncia como parte de la Ley de Diligencia Debida en la Cadena de Suministro (LkSG) y la Ley [&hellip;]<\/p>\n","protected":false},"author":5,"featured_media":0,"parent":0,"menu_order":0,"comment_status":"closed","ping_status":"closed","template":"","meta":{"_acf_changed":false,"content-type":"","footnotes":""},"class_list":["post-14017","page","type-page","status-publish","hentry"],"acf":[],"yoast_head":"<!-- This site is optimized with the Yoast SEO plugin v27.3 - https:\/\/yoast.com\/product\/yoast-seo-wordpress\/ -->\n<title>Denunciante - Graphite Materials<\/title>\n<meta name=\"robots\" content=\"index, follow, max-snippet:-1, max-image-preview:large, max-video-preview:-1\" \/>\n<link rel=\"canonical\" href=\"https:\/\/graphite-materials.com\/es\/denunciante\/\" \/>\n<meta property=\"og:locale\" content=\"es_ES\" \/>\n<meta property=\"og:type\" content=\"article\" \/>\n<meta property=\"og:title\" content=\"Denunciante - Graphite Materials\" \/>\n<meta property=\"og:description\" content=\"Denunciante Los empleados y las partes externas que deseen informar de una infracci\u00f3n de las directrices de cumplimiento pueden ponerse en contacto con nuestro sistema confidencial de denuncia de irregularidades. \u00bfPor qu\u00e9 hemos introducido el procedimiento de denuncia como parte de la Ley de Diligencia Debida en la Cadena de Suministro (LkSG) y la Ley [&hellip;]\" \/>\n<meta property=\"og:url\" content=\"https:\/\/graphite-materials.com\/es\/denunciante\/\" \/>\n<meta property=\"og:site_name\" content=\"Graphite Materials\" \/>\n<meta property=\"article:publisher\" content=\"https:\/\/www.facebook.com\/graphite.materials\" \/>\n<meta property=\"article:modified_time\" content=\"2026-03-24T14:09:08+00:00\" \/>\n<meta name=\"twitter:card\" content=\"summary_large_image\" \/>\n<meta name=\"twitter:label1\" content=\"Tiempo de lectura\" \/>\n\t<meta name=\"twitter:data1\" content=\"2 minuto\" \/>\n<script type=\"application\/ld+json\" class=\"yoast-schema-graph\">{\"@context\":\"https:\\\/\\\/schema.org\",\"@graph\":[{\"@type\":\"WebPage\",\"@id\":\"https:\\\/\\\/graphite-materials.com\\\/es\\\/denunciante\\\/\",\"url\":\"https:\\\/\\\/graphite-materials.com\\\/es\\\/denunciante\\\/\",\"name\":\"Denunciante - Graphite Materials\",\"isPartOf\":{\"@id\":\"https:\\\/\\\/graphite-materials.com\\\/es\\\/#website\"},\"datePublished\":\"2025-04-17T05:58:35+00:00\",\"dateModified\":\"2026-03-24T14:09:08+00:00\",\"breadcrumb\":{\"@id\":\"https:\\\/\\\/graphite-materials.com\\\/es\\\/denunciante\\\/#breadcrumb\"},\"inLanguage\":\"es\",\"potentialAction\":[{\"@type\":\"ReadAction\",\"target\":[\"https:\\\/\\\/graphite-materials.com\\\/es\\\/denunciante\\\/\"]}]},{\"@type\":\"BreadcrumbList\",\"@id\":\"https:\\\/\\\/graphite-materials.com\\\/es\\\/denunciante\\\/#breadcrumb\",\"itemListElement\":[{\"@type\":\"ListItem\",\"position\":1,\"name\":\"Inicio\",\"item\":\"https:\\\/\\\/graphite-materials.com\\\/es\\\/inicio\\\/\"},{\"@type\":\"ListItem\",\"position\":2,\"name\":\"Denunciante\"}]},{\"@type\":\"WebSite\",\"@id\":\"https:\\\/\\\/graphite-materials.com\\\/es\\\/#website\",\"url\":\"https:\\\/\\\/graphite-materials.com\\\/es\\\/\",\"name\":\"Graphite Materials\",\"description\":\"\",\"publisher\":{\"@id\":\"https:\\\/\\\/graphite-materials.com\\\/es\\\/#organization\"},\"potentialAction\":[{\"@type\":\"SearchAction\",\"target\":{\"@type\":\"EntryPoint\",\"urlTemplate\":\"https:\\\/\\\/graphite-materials.com\\\/es\\\/?s={search_term_string}\"},\"query-input\":{\"@type\":\"PropertyValueSpecification\",\"valueRequired\":true,\"valueName\":\"search_term_string\"}}],\"inLanguage\":\"es\"},{\"@type\":\"Organization\",\"@id\":\"https:\\\/\\\/graphite-materials.com\\\/es\\\/#organization\",\"name\":\"Materiales de grafito GmbH\",\"alternateName\":\"Graphite Materials\",\"url\":\"https:\\\/\\\/graphite-materials.com\\\/es\\\/\",\"logo\":{\"@type\":\"ImageObject\",\"inLanguage\":\"es\",\"@id\":\"https:\\\/\\\/graphite-materials.com\\\/es\\\/#\\\/schema\\\/logo\\\/image\\\/\",\"url\":\"https:\\\/\\\/graphite-materials.com\\\/wp-content\\\/uploads\\\/logo-dark.svg\",\"contentUrl\":\"https:\\\/\\\/graphite-materials.com\\\/wp-content\\\/uploads\\\/logo-dark.svg\",\"width\":221,\"height\":76,\"caption\":\"Materiales de grafito GmbH\"},\"image\":{\"@id\":\"https:\\\/\\\/graphite-materials.com\\\/es\\\/#\\\/schema\\\/logo\\\/image\\\/\"},\"sameAs\":[\"https:\\\/\\\/www.facebook.com\\\/graphite.materials\",\"https:\\\/\\\/www.linkedin.com\\\/company\\\/graphite-materials-gmbh\\\/\",\"https:\\\/\\\/www.instagram.com\\\/graphite_materials\\\/\",\"https:\\\/\\\/www.youtube.com\\\/channel\\\/UCHkyay2Hw5vYyjngM5ur39Q\"]}]}<\/script>\n<!-- \/ Yoast SEO plugin. -->","yoast_head_json":{"title":"Denunciante - Graphite Materials","robots":{"index":"index","follow":"follow","max-snippet":"max-snippet:-1","max-image-preview":"max-image-preview:large","max-video-preview":"max-video-preview:-1"},"canonical":"https:\/\/graphite-materials.com\/es\/denunciante\/","og_locale":"es_ES","og_type":"article","og_title":"Denunciante - Graphite Materials","og_description":"Denunciante Los empleados y las partes externas que deseen informar de una infracci\u00f3n de las directrices de cumplimiento pueden ponerse en contacto con nuestro sistema confidencial de denuncia de irregularidades. \u00bfPor qu\u00e9 hemos introducido el procedimiento de denuncia como parte de la Ley de Diligencia Debida en la Cadena de Suministro (LkSG) y la Ley [&hellip;]","og_url":"https:\/\/graphite-materials.com\/es\/denunciante\/","og_site_name":"Graphite Materials","article_publisher":"https:\/\/www.facebook.com\/graphite.materials","article_modified_time":"2026-03-24T14:09:08+00:00","twitter_card":"summary_large_image","twitter_misc":{"Tiempo de lectura":"2 minuto"},"schema":{"@context":"https:\/\/schema.org","@graph":[{"@type":"WebPage","@id":"https:\/\/graphite-materials.com\/es\/denunciante\/","url":"https:\/\/graphite-materials.com\/es\/denunciante\/","name":"Denunciante - Graphite Materials","isPartOf":{"@id":"https:\/\/graphite-materials.com\/es\/#website"},"datePublished":"2025-04-17T05:58:35+00:00","dateModified":"2026-03-24T14:09:08+00:00","breadcrumb":{"@id":"https:\/\/graphite-materials.com\/es\/denunciante\/#breadcrumb"},"inLanguage":"es","potentialAction":[{"@type":"ReadAction","target":["https:\/\/graphite-materials.com\/es\/denunciante\/"]}]},{"@type":"BreadcrumbList","@id":"https:\/\/graphite-materials.com\/es\/denunciante\/#breadcrumb","itemListElement":[{"@type":"ListItem","position":1,"name":"Inicio","item":"https:\/\/graphite-materials.com\/es\/inicio\/"},{"@type":"ListItem","position":2,"name":"Denunciante"}]},{"@type":"WebSite","@id":"https:\/\/graphite-materials.com\/es\/#website","url":"https:\/\/graphite-materials.com\/es\/","name":"Graphite Materials","description":"","publisher":{"@id":"https:\/\/graphite-materials.com\/es\/#organization"},"potentialAction":[{"@type":"SearchAction","target":{"@type":"EntryPoint","urlTemplate":"https:\/\/graphite-materials.com\/es\/?s={search_term_string}"},"query-input":{"@type":"PropertyValueSpecification","valueRequired":true,"valueName":"search_term_string"}}],"inLanguage":"es"},{"@type":"Organization","@id":"https:\/\/graphite-materials.com\/es\/#organization","name":"Materiales de grafito GmbH","alternateName":"Graphite Materials","url":"https:\/\/graphite-materials.com\/es\/","logo":{"@type":"ImageObject","inLanguage":"es","@id":"https:\/\/graphite-materials.com\/es\/#\/schema\/logo\/image\/","url":"https:\/\/graphite-materials.com\/wp-content\/uploads\/logo-dark.svg","contentUrl":"https:\/\/graphite-materials.com\/wp-content\/uploads\/logo-dark.svg","width":221,"height":76,"caption":"Materiales de grafito GmbH"},"image":{"@id":"https:\/\/graphite-materials.com\/es\/#\/schema\/logo\/image\/"},"sameAs":["https:\/\/www.facebook.com\/graphite.materials","https:\/\/www.linkedin.com\/company\/graphite-materials-gmbh\/","https:\/\/www.instagram.com\/graphite_materials\/","https:\/\/www.youtube.com\/channel\/UCHkyay2Hw5vYyjngM5ur39Q"]}]}},"_links":{"self":[{"href":"https:\/\/graphite-materials.com\/es\/wp-json\/wp\/v2\/pages\/14017","targetHints":{"allow":["GET"]}}],"collection":[{"href":"https:\/\/graphite-materials.com\/es\/wp-json\/wp\/v2\/pages"}],"about":[{"href":"https:\/\/graphite-materials.com\/es\/wp-json\/wp\/v2\/types\/page"}],"author":[{"embeddable":true,"href":"https:\/\/graphite-materials.com\/es\/wp-json\/wp\/v2\/users\/5"}],"replies":[{"embeddable":true,"href":"https:\/\/graphite-materials.com\/es\/wp-json\/wp\/v2\/comments?post=14017"}],"version-history":[{"count":4,"href":"https:\/\/graphite-materials.com\/es\/wp-json\/wp\/v2\/pages\/14017\/revisions"}],"predecessor-version":[{"id":16276,"href":"https:\/\/graphite-materials.com\/es\/wp-json\/wp\/v2\/pages\/14017\/revisions\/16276"}],"wp:attachment":[{"href":"https:\/\/graphite-materials.com\/es\/wp-json\/wp\/v2\/media?parent=14017"}],"curies":[{"name":"wp","href":"https:\/\/api.w.org\/{rel}","templated":true}]}}